{"id":222,"date":"2022-04-29T12:55:36","date_gmt":"2022-04-29T10:55:36","guid":{"rendered":"http:\/\/hydrobv.com\/?page_id=222"},"modified":"2026-04-03T21:44:02","modified_gmt":"2026-04-03T19:44:02","slug":"actualites","status":"publish","type":"page","link":"https:\/\/hydrobv.com\/index.php\/actualites\/","title":{"rendered":"Actualit\u00e9s"},"content":{"rendered":"\n<h2>R\u00e9union annuelle HYDRO BV 2026<\/h2>\n\n\n\n<p>Notre AG ainsi que le r\u00e9union r\u00e9gionale de France Hydro\u00e9lectricit\u00e9 se tenait le vendredi 13 mars au domaine du Poudrier \u00e0 Limoges. Entre les r\u00e9visions des SAGE, l&rsquo;actualit\u00e9 des contrats d&rsquo;obligation d&rsquo;achat, les autres contrats de vente, les sujets abord\u00e9s \u00e9taient nombreux! En plus des exploitants et des propri\u00e9taires de moulins, plusieurs fournisseurs de la fili\u00e8res hydro\u00e9lectriques \u00e9taient \u00e9galement pr\u00e9sents.<\/p>\n\n\n\n<p>La r\u00e9union s&rsquo;est suivi d&rsquo;un d\u00e9jeuner buffet et d&rsquo;une visite de l&rsquo;atelier hydro\u00e9lectrique d&rsquo;EDF \u00e0 Ambazac.<\/p>\n\n\n\n<p><\/p>\n\n\n\n<p><a href=\"https:\/\/docs.google.com\/forms\/d\/e\/1FAIpQLSfnvbr7RCKH37dJt6T3mfO_ktnQ5QvpstkpDAx8ZbS4LLI-Eg\/viewform\" data-type=\"URL\" data-id=\"https:\/\/docs.google.com\/forms\/d\/e\/1FAIpQLSfnvbr7RCKH37dJt6T3mfO_ktnQ5QvpstkpDAx8ZbS4LLI-Eg\/viewform\" target=\"_blank\" rel=\"noreferrer noopener\">R\u00e9servez votre place<\/a><\/p>\n\n\n\n<h2>Journ\u00e9es Portes Ouvertes 2025<\/h2>\n\n\n\n<figure class=\"wp-block-image size-large\"><img loading=\"lazy\" width=\"1024\" height=\"363\" src=\"https:\/\/hydrobv.com\/wp-content\/uploads\/2025\/03\/centrale-charnaillat-2025-1024x363.png\" alt=\"\" class=\"wp-image-349\" srcset=\"https:\/\/hydrobv.com\/wp-content\/uploads\/2025\/03\/centrale-charnaillat-2025-1024x363.png 1024w, https:\/\/hydrobv.com\/wp-content\/uploads\/2025\/03\/centrale-charnaillat-2025-300x106.png 300w, https:\/\/hydrobv.com\/wp-content\/uploads\/2025\/03\/centrale-charnaillat-2025-768x272.png 768w, https:\/\/hydrobv.com\/wp-content\/uploads\/2025\/03\/centrale-charnaillat-2025.png 1258w\" sizes=\"(max-width: 1024px) 100vw, 1024px\" \/><figcaption>Centrale de Charnaillat<\/figcaption><\/figure>\n\n\n\n<p>\u00c0 l\u2019occasion de la <a rel=\"noreferrer noopener\" href=\"https:\/\/energiesdeleau.com\/\" target=\"_blank\">Journ\u00e9e mondiale de l\u2019eau organis\u00e9e par France Hydro Electricit\u00e9<\/a>, partout en France des petites centrales hydro\u00e9lectriques ont ouvert leurs portes au public. Parmi les adh\u00e9rents d\u2019Hydro BV, deux sites ont particip\u00e9 \u00e0 cet \u00e9v\u00e8nement:<\/p>\n\n\n\n<p>&#8211; La centrale de Charnaillat \u00e0 Eymoutiers qui date de 1906, elle fut r\u00e9cemment r\u00e9nov\u00e9e par les nouveaux exploitants pour augmenter sa puissance \u00e0 499 kW tout en s\u2019adaptant au site class\u00e9 Natura 2000.<\/p>\n\n\n\n<p>&#8211; Le Moulin de Pont de Bas en Creuse, les visiteurs pouvaient d\u00e9couvrir une installation \u00e9quip\u00e9e d\u2019une turbine Kaplan et d\u2019une autre de type Francis datant de plus d\u2019un si\u00e8cle.<\/p>\n\n\n\n<h2>R\u00e9union annuelle HYDRO BV 2025<\/h2>\n\n\n\n<figure class=\"wp-block-gallery has-nested-images columns-default is-cropped\">\n<figure class=\"wp-block-image size-large\"><img loading=\"lazy\" width=\"2560\" height=\"1440\" data-id=\"346\"  src=\"https:\/\/hydrobv.com\/wp-content\/uploads\/2025\/03\/IMG_1050-edited-scaled.jpg\" alt=\"\" class=\"wp-image-346\" srcset=\"https:\/\/hydrobv.com\/wp-content\/uploads\/2025\/03\/IMG_1050-edited-scaled.jpg 2560w, https:\/\/hydrobv.com\/wp-content\/uploads\/2025\/03\/IMG_1050-edited-300x169.jpg 300w, https:\/\/hydrobv.com\/wp-content\/uploads\/2025\/03\/IMG_1050-edited-1024x576.jpg 1024w, https:\/\/hydrobv.com\/wp-content\/uploads\/2025\/03\/IMG_1050-edited-768x432.jpg 768w, https:\/\/hydrobv.com\/wp-content\/uploads\/2025\/03\/IMG_1050-edited-1536x864.jpg 1536w, https:\/\/hydrobv.com\/wp-content\/uploads\/2025\/03\/IMG_1050-edited-2048x1152.jpg 2048w\" sizes=\"(max-width: 2560px) 100vw, 2560px\" \/><\/figure>\n<\/figure>\n\n\n\n<p>Cette ann\u00e9e, notre AG et la r\u00e9union r\u00e9gionale de France Hydro Electricit\u00e9 se sont tenues le 14 mars sur le site du Poudrier \u00e0 Limoges en bord de la Vienne. Plusieurs sujets, entre autres sur l&rsquo;environnement, les autorisations et les contrats de ventes, furent abord\u00e9s. Plusieurs fournisseurs \u00e9taient pr\u00e9sents pour \u00e9changer avec les exploitants de moulins. Apr\u00e8s un d\u00e9jeuner sur place, la centrale du Pas de la Mule avait ouvert se portes \u00e0 tous ceux pr\u00e9sents \u00e0 la r\u00e9union.<\/p>\n\n\n\n<h2>Visites de sites de centrales hydro\u00e9lectriques<\/h2>\n\n\n\n<p>R\u00e9guli\u00e8rement, des adh\u00e9rents au syndicat ouvrent les portes de leurs centrales pour les faire visiter. La derni\u00e8re visite avait lieu dans une centrale enti\u00e8rement r\u00e9nov\u00e9e \u00e0 Saint-Junien le 14 mars, la veille de notre AG.<\/p>\n\n\n\n<figure class=\"wp-block-image size-full is-resized\"><img loading=\"lazy\" src=\"http:\/\/hydrobv.com\/wp-content\/uploads\/2024\/05\/centrale-saint-junien.jpg\" alt=\"\" class=\"wp-image-302\" width=\"196\" height=\"147\" srcset=\"https:\/\/hydrobv.com\/wp-content\/uploads\/2024\/05\/centrale-saint-junien.jpg 640w, https:\/\/hydrobv.com\/wp-content\/uploads\/2024\/05\/centrale-saint-junien-300x225.jpg 300w\" sizes=\"(max-width: 196px) 100vw, 196px\" \/><\/figure>\n\n\n\n<h2>R\u00e9union HYDRO BV 2024<\/h2>\n\n\n\n<p>Le vendredi 15 mars 2024, HYDRO BV r\u00e9unissait ses membres pour une AG conjointe \u00e0 la r\u00e9union r\u00e9gionale de France Hydro Electricit\u00e9. Elle se tenait une nouvelle fois sur le site de l&rsquo;ancien moulin du Poudrier \u00e0 Limoges. La r\u00e9union s&rsquo;est poursuivie avec un buffet o\u00f9 les propri\u00e9taires des moulins ont pu \u00e9changer avec des industriels, assureurs, conseillers, repr\u00e9sentants de l&rsquo;administration.<\/p>\n\n\n\n<h2>R\u00e9union HYDRO BV 2023<\/h2>\n\n\n\n<p>Le vendredi 10 mars 2023, l&rsquo;AG s&rsquo;est tenue conjointement \u00e0 une r\u00e9union r\u00e9gionale de France Hydro Electricit\u00e9 sur le site de l&rsquo;ancien moulin du Poudrier \u00e0 Limoges. La r\u00e9union s&rsquo;est poursuivie avec un buffet o\u00f9 les propri\u00e9taires des moulins ont pu \u00e9changer avec des industriels, assureurs, conseillers, repr\u00e9sentants de l&rsquo;administration&#8230; Dans l&rsquo;apr\u00e8s-midi plusieurs des participants se sont retrouv\u00e9s sur une centrale en r\u00e9novation \u00e0 Isle.<\/p>\n\n\n\n<h2>R\u00e9union HYDRO BV<\/h2>\n\n\n\n<p>L&rsquo;assembl\u00e9e g\u00e9n\u00e9rale d&rsquo;HYDRO BV s&rsquo;est tenue le vendredi 11 mars 2022 \u00e0 la Chambre de Commerce et d&rsquo;Industrie de Limoges conjointement \u00e0 une r\u00e9union r\u00e9gionale de France Hydro Electricit\u00e9. Elle \u00e9tait \u00e9galement accessible en visioconf\u00e9rence.<\/p>\n\n\n\n<figure class=\"wp-block-image size-full is-resized\"><img loading=\"lazy\" src=\"http:\/\/hydrobv.com\/wp-content\/uploads\/2022\/04\/reunion-2022.jpg\" alt=\"\" class=\"wp-image-228\" width=\"837\" height=\"400\" srcset=\"https:\/\/hydrobv.com\/wp-content\/uploads\/2022\/04\/reunion-2022.jpg 691w, https:\/\/hydrobv.com\/wp-content\/uploads\/2022\/04\/reunion-2022-300x143.jpg 300w\" sizes=\"(max-width: 837px) 100vw, 837px\" \/><figcaption>Chambre de Commerce et d&rsquo;Industrie<\/figcaption><\/figure>\n\n\n\n<p>Apr\u00e8s le d\u00e9jeuner, <a href=\"https:\/\/www.enedis.fr\/enedis-dans-le-limousin\" target=\"_blank\" rel=\"noreferrer noopener\">ENEDIS <\/a>a propos\u00e9 une visite de son centre de Contr\u00f4le et de Pilotage du R\u00e9seau Limousin dans ses locaux situ\u00e9s 8 rue Th\u00e9ophile.<br><\/p>\n\n\n\n<h2>Des \u00e9coliers visitent une centrale hydro\u00e9lectrique<\/h2>\n\n\n\n<p>Le 10 f\u00e9vrier 2022, Dominique Blaise, pr\u00e9sident d&rsquo;HYDRO BV, a ouvert les portes de sa centrale hydro\u00e9lectrique de Condat-sur-Vienne \u00e0 une classe de CM2 de la commune. Tr\u00e8s inspir\u00e9s par le moulin, l&rsquo;accueil et l&rsquo;outil de production, les \u00e9coliers ont par la suite r\u00e9dig\u00e9 un <a href=\"http:\/\/hydrobv.com\/wp-content\/uploads\/2022\/04\/2022-02-10-Classe-CM2-Condat-1.pdf\" data-type=\"URL\" data-id=\"http:\/\/hydrobv.com\/wp-content\/uploads\/2022\/04\/2022-02-10-Classe-CM2-Condat-1.pdf\" target=\"_blank\" rel=\"noreferrer noopener\">document sur la visite du site<\/a>.<\/p>\n\n\n\n<div class=\"wp-container-1 wp-block-group\"><div class=\"wp-block-group__inner-container\">\n<div class=\"wp-block-columns\">\n<div class=\"wp-block-column\" style=\"flex-basis:100%\">\n<figure class=\"wp-block-image size-full is-resized\"><a href=\"http:\/\/hydrobv.com\/wp-content\/uploads\/2022\/04\/2022-02-10-Classe-CM2-Condat-1.pdf\" target=\"_blank\" rel=\"noopener\"><img loading=\"lazy\" src=\"http:\/\/hydrobv.com\/wp-content\/uploads\/2022\/04\/classe-CM2-visite-condat-2022-a-1.jpeg\" alt=\"\" class=\"wp-image-233\" width=\"366\" height=\"186\" srcset=\"https:\/\/hydrobv.com\/wp-content\/uploads\/2022\/04\/classe-CM2-visite-condat-2022-a-1.jpeg 707w, https:\/\/hydrobv.com\/wp-content\/uploads\/2022\/04\/classe-CM2-visite-condat-2022-a-1-300x152.jpeg 300w\" sizes=\"(max-width: 366px) 100vw, 366px\" \/><\/a><\/figure>\n<\/div>\n<\/div>\n<\/div><\/div>\n","protected":false},"excerpt":{"rendered":"<p>R\u00e9union annuelle HYDRO BV 2026 Notre AG ainsi que le r\u00e9union r\u00e9gionale de France Hydro\u00e9lectricit\u00e9 se tenait le vendredi 13 mars au domaine du Poudrier \u00e0 Limoges. Entre les r\u00e9visions des SAGE, l&rsquo;actualit\u00e9 des contrats d&rsquo;obligation d&rsquo;achat, les autres contrats de vente, les sujets abord\u00e9s \u00e9taient nombreux! En plus des exploitants et des propri\u00e9taires de [&hellip;]<\/p>\n","protected":false},"author":3,"featured_media":0,"parent":0,"menu_order":0,"comment_status":"closed","ping_status":"closed","template":"","meta":[],"_links":{"self":[{"href":"https:\/\/hydrobv.com\/index.php\/wp-json\/wp\/v2\/pages\/222"}],"collection":[{"href":"https:\/\/hydrobv.com\/index.php\/wp-json\/wp\/v2\/pages"}],"about":[{"href":"https:\/\/hydrobv.com\/index.php\/wp-json\/wp\/v2\/types\/page"}],"author":[{"embeddable":true,"href":"https:\/\/hydrobv.com\/index.php\/wp-json\/wp\/v2\/users\/3"}],"replies":[{"embeddable":true,"href":"https:\/\/hydrobv.com\/index.php\/wp-json\/wp\/v2\/comments?post=222"}],"version-history":[{"count":26,"href":"https:\/\/hydrobv.com\/index.php\/wp-json\/wp\/v2\/pages\/222\/revisions"}],"predecessor-version":[{"id":366,"href":"https:\/\/hydrobv.com\/index.php\/wp-json\/wp\/v2\/pages\/222\/revisions\/366"}],"wp:attachment":[{"href":"https:\/\/hydrobv.com\/index.php\/wp-json\/wp\/v2\/media?parent=222"}],"curies":[{"name":"wp","href":"https:\/\/api.w.org\/{rel}","templated":true}]}}