{"id":139,"date":"2021-03-03T18:25:44","date_gmt":"2021-03-03T19:25:44","guid":{"rendered":"http:\/\/hydrobv.com\/?page_id=139"},"modified":"2024-07-07T20:13:10","modified_gmt":"2024-07-07T18:13:10","slug":"lhydroelectricite","status":"publish","type":"page","link":"https:\/\/hydrobv.com\/index.php\/lhydroelectricite\/","title":{"rendered":"L&rsquo;hydro\u00e9lectricit\u00e9"},"content":{"rendered":"\n<p><strong>D\u00e9couvrir l\u2019hydro\u00e9lectricit\u00e9<\/strong><\/p>\n\n\n\n<figure class=\"wp-block-image size-large\"><img loading=\"lazy\" width=\"556\" height=\"370\" src=\"http:\/\/hydrobv.com\/wp-content\/uploads\/2020\/05\/hydroelectricite_4223752.jpeg\" alt=\"\" class=\"wp-image-143\" srcset=\"https:\/\/hydrobv.com\/wp-content\/uploads\/2020\/05\/hydroelectricite_4223752.jpeg 556w, https:\/\/hydrobv.com\/wp-content\/uploads\/2020\/05\/hydroelectricite_4223752-300x200.jpeg 300w\" sizes=\"(max-width: 556px) 100vw, 556px\" \/><\/figure>\n\n\n\n<p>L\u2019hydro\u00e9lectricit\u00e9 est la principale source d\u2019\u00e9nergie renouvelable \u00e9lectrique dans le Limousin, mais aussi en France et m\u00eame dans le monde. Elle existe depuis le 19<sup>\u00e8me<\/sup> si\u00e8cle avec un des premiers moulins \u00e9quip\u00e9s d\u2019une centrale \u00e0 Bourganeuf en Creuse. Aujourd\u2019hui, elle reste incontournable en France, pour sa quantit\u00e9 produite de kWh mais \u00e9galement pour d\u2019autres raisons. En effet, elle est compl\u00e9mentaire aux autres sources d\u2019\u00e9nergie gr\u00e2ce \u00e0 sa r\u00e9gularit\u00e9 de production et \u00e0 la r\u00e9partition sur le territoire des microcentrales. Elle r\u00e9pond aussi aux pics de consommation avec les r\u00e9serves d\u2019eau des barrages. Enfin, elle participe au d\u00e9veloppement \u00e9conomique de nombreuses zones souvent isol\u00e9es.<\/p>\n\n\n\n<figure class=\"wp-block-image size-large\"><img loading=\"lazy\" width=\"640\" height=\"480\" src=\"http:\/\/hydrobv.com\/wp-content\/uploads\/2020\/05\/DSC00330.jpg\" alt=\"\" class=\"wp-image-27\" srcset=\"https:\/\/hydrobv.com\/wp-content\/uploads\/2020\/05\/DSC00330.jpg 640w, https:\/\/hydrobv.com\/wp-content\/uploads\/2020\/05\/DSC00330-300x225.jpg 300w\" sizes=\"(max-width: 640px) 100vw, 640px\" \/><\/figure>\n\n\n\n<p>La production d\u2019hydro\u00e9lectricit\u00e9 dans le Limousin repr\u00e9sente de nombreux kW car il b\u00e9n\u00e9ficie de nombreux cours d\u2019eau avec une pluviom\u00e9trie g\u00e9n\u00e9reuse sur les hauteurs du plateau de Millevaches. Ainsi l\u2019ex-r\u00e9gion se distingue avec son taux de couverture de consommation d\u2019\u00e9lectricit\u00e9 par les \u00e9nergies renouvelables qui s\u2019\u00e9l\u00e8ve \u00e0 56 % (source RTE 2014) et elle d\u00e9tient le record national.<\/p>\n\n\n\n<figure class=\"wp-block-image size-large\"><img loading=\"lazy\" width=\"1024\" height=\"683\" src=\"http:\/\/hydrobv.com\/wp-content\/uploads\/2020\/05\/lac-de-vassiviere_3904356-1024x683.jpeg\" alt=\"\" class=\"wp-image-142\" srcset=\"https:\/\/hydrobv.com\/wp-content\/uploads\/2020\/05\/lac-de-vassiviere_3904356-1024x683.jpeg 1024w, https:\/\/hydrobv.com\/wp-content\/uploads\/2020\/05\/lac-de-vassiviere_3904356-300x200.jpeg 300w, https:\/\/hydrobv.com\/wp-content\/uploads\/2020\/05\/lac-de-vassiviere_3904356-768x512.jpeg 768w, https:\/\/hydrobv.com\/wp-content\/uploads\/2020\/05\/lac-de-vassiviere_3904356.jpeg 1200w\" sizes=\"(max-width: 1024px) 100vw, 1024px\" \/><\/figure>\n\n\n\n<p>En plus des quelques barrages EDF comme celui de Vassivi\u00e8re, le bassin de la Vienne avec ses affluents et sous-affluents comprend des dizaines de microcentrales tr\u00e8s souvent install\u00e9es sur des sites d\u2019anciens moulins s\u00e9culaires.<\/p>\n\n\n\n<p><a href=\"https:\/\/www.france-hydro-electricite.fr\/energie\">D\u00e9couvrez plus sur le site de France-Hydro\u00e9lectricit\u00e9<\/a><\/p>\n","protected":false},"excerpt":{"rendered":"<p>D\u00e9couvrir l\u2019hydro\u00e9lectricit\u00e9 L\u2019hydro\u00e9lectricit\u00e9 est la principale source d\u2019\u00e9nergie renouvelable \u00e9lectrique dans le Limousin, mais aussi en France et m\u00eame dans le monde. Elle existe depuis le 19\u00e8me si\u00e8cle avec un des premiers moulins \u00e9quip\u00e9s d\u2019une centrale \u00e0 Bourganeuf en Creuse. Aujourd\u2019hui, elle reste incontournable en France, pour sa quantit\u00e9 produite de kWh mais \u00e9galement pour [&hellip;]<\/p>\n","protected":false},"author":3,"featured_media":0,"parent":0,"menu_order":0,"comment_status":"closed","ping_status":"closed","template":"","meta":[],"_links":{"self":[{"href":"https:\/\/hydrobv.com\/index.php\/wp-json\/wp\/v2\/pages\/139"}],"collection":[{"href":"https:\/\/hydrobv.com\/index.php\/wp-json\/wp\/v2\/pages"}],"about":[{"href":"https:\/\/hydrobv.com\/index.php\/wp-json\/wp\/v2\/types\/page"}],"author":[{"embeddable":true,"href":"https:\/\/hydrobv.com\/index.php\/wp-json\/wp\/v2\/users\/3"}],"replies":[{"embeddable":true,"href":"https:\/\/hydrobv.com\/index.php\/wp-json\/wp\/v2\/comments?post=139"}],"version-history":[{"count":10,"href":"https:\/\/hydrobv.com\/index.php\/wp-json\/wp\/v2\/pages\/139\/revisions"}],"predecessor-version":[{"id":314,"href":"https:\/\/hydrobv.com\/index.php\/wp-json\/wp\/v2\/pages\/139\/revisions\/314"}],"wp:attachment":[{"href":"https:\/\/hydrobv.com\/index.php\/wp-json\/wp\/v2\/media?parent=139"}],"curies":[{"name":"wp","href":"https:\/\/api.w.org\/{rel}","templated":true}]}}