{"id":11,"date":"2021-03-03T18:22:28","date_gmt":"2021-03-03T19:22:28","guid":{"rendered":"http:\/\/hydrobv.com\/?page_id=11"},"modified":"2025-03-10T21:23:04","modified_gmt":"2025-03-10T19:23:04","slug":"bienvenue-sur-le-site-dhydro-bv","status":"publish","type":"page","link":"https:\/\/hydrobv.com\/","title":{"rendered":"Bienvenue sur le site d\u2019HYDRO BV"},"content":{"rendered":"\n<p>SYNDICAT DES HYDRO\u00c9LECTRICIENS DU BASSIN VIENNE GARTEMPE CREUSE<\/p>\n\n\n\n<p>Depuis 2004, le syndicat HYDRO BV repr\u00e9sente, conseille et d\u00e9fend la petite hydro\u00e9lectricit\u00e9 sur le bassin Vienne Gartempe Creuse. Beaucoup de ses adh\u00e9rents sont des producteurs autonomes d\u2019hydro\u00e9lectricit\u00e9 et des propri\u00e9taires de sites avec le projet de produire ou m\u00eame des propri\u00e9taires de moulins sans activit\u00e9 qui ont pour objectif des les sauvegarder. Le bassin des 3 rivi\u00e8res avec ses affluents est \u00e9quip\u00e9 de nombreuses centrales, souvent install\u00e9es dans des anciens moulins, qui permettent de participer \u00e0 la production d\u2019\u00e9nergie renouvelable. <\/p>\n\n\n\n<p>HYDRO BV f\u00e9d\u00e8re \u00e9galement des <a href=\"https:\/\/hydrobv.com\/index.php\/partenaires\/\">partenaires<\/a> sp\u00e9cialistes (fournisseurs, installateurs, fabricants de mat\u00e9riels, assurances\u2026) qui sont indispensables \u00e0 l\u2019activit\u00e9 de l\u2019hydro\u00e9lectricit\u00e9.<\/p>\n\n\n\n<figure class=\"wp-block-image size-large\"><img loading=\"lazy\" width=\"1024\" height=\"768\" src=\"http:\/\/hydrobv.com\/wp-content\/uploads\/2020\/04\/IMG_4336-1024x768.jpg\" alt=\"\" class=\"wp-image-15\" srcset=\"https:\/\/hydrobv.com\/wp-content\/uploads\/2020\/04\/IMG_4336-1024x768.jpg 1024w, https:\/\/hydrobv.com\/wp-content\/uploads\/2020\/04\/IMG_4336-300x225.jpg 300w, https:\/\/hydrobv.com\/wp-content\/uploads\/2020\/04\/IMG_4336-768x576.jpg 768w, https:\/\/hydrobv.com\/wp-content\/uploads\/2020\/04\/IMG_4336-1536x1152.jpg 1536w, https:\/\/hydrobv.com\/wp-content\/uploads\/2020\/04\/IMG_4336-2048x1536.jpg 2048w, https:\/\/hydrobv.com\/wp-content\/uploads\/2020\/04\/IMG_4336-1568x1176.jpg 1568w\" sizes=\"(max-width: 1024px) 100vw, 1024px\" \/><\/figure>\n\n\n\n<p><mark style=\"background-color:rgba(0, 0, 0, 0)\" class=\"has-inline-color has-black-color\"><a rel=\"noreferrer noopener\" href=\"https:\/\/drive.google.com\/file\/d\/10FER7mtaYUyqRXZD0DD4qUBpB2ki_KNN\/view\" data-type=\"URL\" data-id=\"https:\/\/drive.google.com\/file\/d\/10FER7mtaYUyqRXZD0DD4qUBpB2ki_KNN\/view\" target=\"_blank\">Cliquez ici pour en d\u00e9couvrir plus sur HYDRO BV et l&rsquo;hydro\u00e9lectricit\u00e9.<\/a><\/mark><\/p>\n","protected":false},"excerpt":{"rendered":"<p>SYNDICAT DES HYDRO\u00c9LECTRICIENS DU BASSIN VIENNE GARTEMPE CREUSE Depuis 2004, le syndicat HYDRO BV repr\u00e9sente, conseille et d\u00e9fend la petite hydro\u00e9lectricit\u00e9 sur le bassin Vienne Gartempe Creuse. Beaucoup de ses adh\u00e9rents sont des producteurs autonomes d\u2019hydro\u00e9lectricit\u00e9 et des propri\u00e9taires de sites avec le projet de produire ou m\u00eame des propri\u00e9taires de moulins sans activit\u00e9 qui [&hellip;]<\/p>\n","protected":false},"author":3,"featured_media":0,"parent":0,"menu_order":0,"comment_status":"closed","ping_status":"closed","template":"","meta":[],"_links":{"self":[{"href":"https:\/\/hydrobv.com\/index.php\/wp-json\/wp\/v2\/pages\/11"}],"collection":[{"href":"https:\/\/hydrobv.com\/index.php\/wp-json\/wp\/v2\/pages"}],"about":[{"href":"https:\/\/hydrobv.com\/index.php\/wp-json\/wp\/v2\/types\/page"}],"author":[{"embeddable":true,"href":"https:\/\/hydrobv.com\/index.php\/wp-json\/wp\/v2\/users\/3"}],"replies":[{"embeddable":true,"href":"https:\/\/hydrobv.com\/index.php\/wp-json\/wp\/v2\/comments?post=11"}],"version-history":[{"count":14,"href":"https:\/\/hydrobv.com\/index.php\/wp-json\/wp\/v2\/pages\/11\/revisions"}],"predecessor-version":[{"id":335,"href":"https:\/\/hydrobv.com\/index.php\/wp-json\/wp\/v2\/pages\/11\/revisions\/335"}],"wp:attachment":[{"href":"https:\/\/hydrobv.com\/index.php\/wp-json\/wp\/v2\/media?parent=11"}],"curies":[{"name":"wp","href":"https:\/\/api.w.org\/{rel}","templated":true}]}}